{"id":277,"date":"2025-05-06T11:45:25","date_gmt":"2025-05-06T09:45:25","guid":{"rendered":"https:\/\/sarahschueler-psychologie.de\/?page_id=277"},"modified":"2025-05-14T10:59:35","modified_gmt":"2025-05-14T08:59:35","slug":"impressum","status":"publish","type":"page","link":"https:\/\/sarahschueler-psychologie.de\/?page_id=277","title":{"rendered":"Impressum"},"content":{"rendered":"\t\t<div data-elementor-type=\"wp-page\" data-elementor-id=\"277\" class=\"elementor elementor-277\" data-elementor-post-type=\"page\">\n\t\t\t\t\t\t<section class=\"elementor-section elementor-top-section elementor-element elementor-element-f8839b8 elementor-section-boxed elementor-section-height-default elementor-section-height-default wpr-particle-no wpr-jarallax-no wpr-parallax-no wpr-sticky-section-no\" data-id=\"f8839b8\" data-element_type=\"section\" data-settings=\"{&quot;background_background&quot;:&quot;classic&quot;}\">\n\t\t\t\t\t\t<div class=\"elementor-container elementor-column-gap-default\">\n\t\t\t\t\t<div class=\"elementor-column elementor-col-100 elementor-top-column elementor-element elementor-element-343f80b\" data-id=\"343f80b\" data-element_type=\"column\">\n\t\t\t<div class=\"elementor-widget-wrap elementor-element-populated\">\n\t\t\t\t\t\t<div class=\"elementor-element elementor-element-ae69d16 elementor-widget elementor-widget-heading\" data-id=\"ae69d16\" data-element_type=\"widget\" data-widget_type=\"heading.default\">\n\t\t\t\t<div class=\"elementor-widget-container\">\n\t\t\t\t\t<h2 class=\"elementor-heading-title elementor-size-default\">Impressum<\/h2>\t\t\t\t<\/div>\n\t\t\t\t<\/div>\n\t\t\t\t<div class=\"elementor-element elementor-element-03c5fe8 elementor-widget elementor-widget-spacer\" data-id=\"03c5fe8\" data-element_type=\"widget\" data-widget_type=\"spacer.default\">\n\t\t\t\t<div class=\"elementor-widget-container\">\n\t\t\t\t\t\t\t<div class=\"elementor-spacer\">\n\t\t\t<div class=\"elementor-spacer-inner\"><\/div>\n\t\t<\/div>\n\t\t\t\t\t\t<\/div>\n\t\t\t\t<\/div>\n\t\t\t\t<div class=\"elementor-element elementor-element-8c0179b elementor-widget elementor-widget-text-editor\" data-id=\"8c0179b\" data-element_type=\"widget\" data-widget_type=\"text-editor.default\">\n\t\t\t\t<div class=\"elementor-widget-container\">\n\t\t\t\t\t\t\t\t\t<p><strong>Angaben gem\u00e4\u00df \u00a7 5&nbsp;TMG:<\/strong><\/p><p>Sarah Sch\u00fcler<\/p><p>M.Sc. Psy\u00adcholo\u00adgie,<br>Prax\u00adis f\u00fcr Psychotherapie<\/p><p>Elis\u00ada\u00adbeth\u00adstra\u00dfe 41<br>56564 Neuwied<br>DE<\/p><p><strong>Kon\u00adtakt<\/strong><\/p><p>Tele\u00adfon: <a href=\"tel:+4926319237818\">02631\/9237818<\/a><\/p><p>E\u2011Mail: <a href=\"mailto:sarahschueler-psychologie@gmx.de\">sarahschueler-psychologie@gmx.de<\/a><\/p><p>Web\u00adsite: <a href=\"http:\/\/sarahschueler-psychologie.de\">sarahschueler-psychologie.de<\/a><\/p><p><strong>Berufs\u00adbeze\u00adich\u00adnung<\/strong><\/p><p>Psychotherapeut\/in (gem\u00e4\u00df Psychotherapeutengesetz)<\/p><p><strong>Zust\u00e4ndi\u00adge Aufsichtsbeh\u00f6rde<\/strong><\/p><p>Lan\u00addespsy\u00adchother\u00ada\u00adpeutenkam\u00admer&nbsp;RLP<\/p><p><strong>Beruf\u00ads\u00adrechtliche Regelungen<\/strong><\/p><p>Die beruf\u00ads\u00adrechtlichen Regelun\u00adgen f\u00fcr Psy\u00adchother\u00ada\u00adpeuten sind im Psy\u00adchother\u00ada\u00adpeutenge\u00adsetz (Psy\u00adchThG) sowie in der Beruf\u00adsor\u00add\u00adnung der Lan\u00addespsy\u00adchother\u00ada\u00adpeutenkam\u00admer RLP geregelt. Diese Regelun\u00adgen k\u00f6n\u00adnen auf der Web\u00adseite der Kam\u00admer <a href=\"https:\/\/www.lpk-rlp.de\/\" target=\"_blank\" rel=\"noopener\">(LPK RLP)<\/a> einge\u00adse\u00adhen wer\u00adden. Ich bin verpflichtet, regelm\u00e4\u00dfig an Fort- und Weit\u00ader\u00adbil\u00addun\u00adgen teilzunehmen, um die Qual\u00adit\u00e4t mein\u00ader ther\u00ada\u00adpeutis\u00adchen Arbeit sicherzustellen.<\/p><p><strong>Haf\u00adtungsauss\u00adchluss<\/strong><\/p><p>Die Inhalte dieser Web\u00adseite wur\u00adden mit gr\u00f6\u00dfter Sorgfalt erstellt. F\u00fcr die Richtigkeit, Voll\u00adst\u00e4ndigkeit und Aktu\u00adal\u00adit\u00e4t der Inhalte kann jedoch keine Gew\u00e4hr \u00fcber\u00adnom\u00admen werden.<\/p><p><strong>Urhe\u00adber\u00adrecht<\/strong><\/p><p>Die durch die Seit\u00aden\u00adbe\u00adtreiber erstell\u00adten Inhalte und Werke auf diesen Seit\u00aden unter\u00adliegen dem deutschen Urhe\u00adber\u00adrecht. Die Vervielf\u00e4l\u00adti\u00adgung, Bear\u00adbeitung, Ver\u00adbre\u00aditung und jede Art der Ver\u00adw\u00ader\u00adtung au\u00dfer\u00adhalb der Gren\u00adzen des Urhe\u00adber\u00adrecht\u00ades bed\u00fcr\u00adfen der schriftlichen Zus\u00adtim\u00admung des jew\u00adeili\u00adgen Autors bzw. Erstellers.<\/p>\t\t\t\t\t\t\t\t<\/div>\n\t\t\t\t<\/div>\n\t\t\t\t\t<\/div>\n\t\t<\/div>\n\t\t\t\t\t<\/div>\n\t\t<\/section>\n\t\t\t\t<\/div>\n\t\t","protected":false},"excerpt":{"rendered":"<p>Impres\u00adsum Angaben gem\u00e4\u00df \u00a7 5&nbsp;TMG: Sarah Sch\u00fcler M.Sc. Psy\u00adcholo\u00adgie,Prax\u00adis f\u00fcr Psy\u00adchother\u00ada\u00adpie Elis\u00ada\u00adbeth\u00adstra\u00dfe 4156564 Neuwied\u00adDE Kon\u00adtakt Tele\u00adfon: 02631\/9237818 E\u2011Mail: sarahschueler-psychologie@gmx.de Web\u00adsite: sarahschueler-psychologie.de Berufs\u00adbeze\u00adich\u00adnung Psychotherapeut\/in (gem\u00e4\u00df Psy\u00adchother\u00ada\u00adpeutenge\u00adsetz) Zust\u00e4ndi\u00adge Auf\u00adsichts\u00adbe\u00adh\u00f6rde Lan\u00addespsy\u00adchother\u00ada\u00adpeutenkam\u00admer&nbsp;RLP Beruf\u00ads\u00adrechtliche Regelun\u00adgen Die beruf\u00ads\u00adrechtlichen Regelun\u00adgen f\u00fcr Psy\u00adchother\u00ada\u00adpeuten sind im Psy\u00adchother\u00ada\u00adpeutenge\u00adsetz (Psy\u00adchThG) sowie in der Beruf\u00adsor\u00add\u00adnung der Lan\u00addespsy\u00adchother\u00ada\u00adpeutenkam\u00admer RLP geregelt. Diese Regelun\u00adgen k\u00f6n\u00adnen auf der Web\u00adseite der Kam\u00admer (LPK RLP) einge\u00adse\u00adhen wer\u00adden. Ich bin verpflichtet, regelm\u00e4\u00dfig an Fort- und Weit\u00ader\u00adbil\u00addun\u00adgen teilzunehmen, um die Qual\u00adit\u00e4t mein\u00ader ther\u00ada\u00adpeutis\u00adchen Arbeit sicherzustellen. Haf\u00adtungsauss\u00adchluss Die Inhalte dieser Web\u00adseite wur\u00adden mit gr\u00f6\u00dfter Sorgfalt erstellt. F\u00fcr die Richtigkeit, Voll\u00adst\u00e4ndigkeit und Aktu\u00adal\u00adit\u00e4t der Inhalte kann jedoch keine Gew\u00e4hr \u00fcber\u00adnom\u00admen wer\u00adden. Urhe\u00adber\u00adrecht Die durch die Seit\u00aden\u00adbe\u00adtreiber erstell\u00adten Inhalte und Werke auf diesen Seit\u00aden unter\u00adliegen dem deutschen Urhe\u00adber\u00adrecht. Die Vervielf\u00e4l\u00adti\u00adgung, Bear\u00adbeitung, Ver\u00adbre\u00aditung und jede Art der Ver\u00adw\u00ader\u00adtung au\u00dfer\u00adhalb der Gren\u00adzen des Urhe\u00adber\u00adrecht\u00ades bed\u00fcr\u00adfen der schriftlichen Zus\u00adtim\u00admung des jew\u00adeili\u00adgen Autors bzw. Erstellers.<\/p>\n","protected":false},"author":1,"featured_media":0,"parent":0,"menu_order":0,"comment_status":"closed","ping_status":"closed","template":"","meta":{"wp_typography_post_enhancements_disabled":false,"ocean_post_layout":"full-screen","ocean_both_sidebars_style":"","ocean_both_sidebars_content_width":0,"ocean_both_sidebars_sidebars_width":0,"ocean_sidebar":"","ocean_second_sidebar":"","ocean_disable_margins":"enable","ocean_add_body_class":"","ocean_shortcode_before_top_bar":"","ocean_shortcode_after_top_bar":"","ocean_shortcode_before_header":"","ocean_shortcode_after_header":"","ocean_has_shortcode":"","ocean_shortcode_after_title":"","ocean_shortcode_before_footer_widgets":"","ocean_shortcode_after_footer_widgets":"","ocean_shortcode_before_footer_bottom":"","ocean_shortcode_after_footer_bottom":"","ocean_display_top_bar":"off","ocean_display_header":"default","ocean_header_style":"custom","ocean_center_header_left_menu":"","ocean_custom_header_template":"75","ocean_custom_logo":0,"ocean_custom_retina_logo":0,"ocean_custom_logo_max_width":0,"ocean_custom_logo_tablet_max_width":0,"ocean_custom_logo_mobile_max_width":0,"ocean_custom_logo_max_height":0,"ocean_custom_logo_tablet_max_height":0,"ocean_custom_logo_mobile_max_height":0,"ocean_header_custom_menu":"2","ocean_menu_typo_font_family":"","ocean_menu_typo_font_subset":"","ocean_menu_typo_font_size":0,"ocean_menu_typo_font_size_tablet":0,"ocean_menu_typo_font_size_mobile":0,"ocean_menu_typo_font_size_unit":"px","ocean_menu_typo_font_weight":"","ocean_menu_typo_font_weight_tablet":"","ocean_menu_typo_font_weight_mobile":"","ocean_menu_typo_transform":"","ocean_menu_typo_transform_tablet":"","ocean_menu_typo_transform_mobile":"","ocean_menu_typo_line_height":0,"ocean_menu_typo_line_height_tablet":0,"ocean_menu_typo_line_height_mobile":0,"ocean_menu_typo_line_height_unit":"","ocean_menu_typo_spacing":0,"ocean_menu_typo_spacing_tablet":0,"ocean_menu_typo_spacing_mobile":0,"ocean_menu_typo_spacing_unit":"","ocean_menu_link_color":"","ocean_menu_link_color_hover":"","ocean_menu_link_color_active":"","ocean_menu_link_background":"","ocean_menu_link_hover_background":"","ocean_menu_link_active_background":"","ocean_menu_social_links_bg":"","ocean_menu_social_hover_links_bg":"","ocean_menu_social_links_color":"","ocean_menu_social_hover_links_color":"","ocean_disable_title":"on","ocean_disable_heading":"default","ocean_post_title":"","ocean_post_subheading":"","ocean_post_title_style":"","ocean_post_title_background_color":"","ocean_post_title_background":0,"ocean_post_title_bg_image_position":"","ocean_post_title_bg_image_attachment":"","ocean_post_title_bg_image_repeat":"","ocean_post_title_bg_image_size":"","ocean_post_title_height":0,"ocean_post_title_bg_overlay":0.5,"ocean_post_title_bg_overlay_color":"","ocean_disable_breadcrumbs":"off","ocean_breadcrumbs_color":"","ocean_breadcrumbs_separator_color":"","ocean_breadcrumbs_links_color":"","ocean_breadcrumbs_links_hover_color":"","ocean_display_footer_widgets":"default","ocean_display_footer_bottom":"default","ocean_custom_footer_template":"","footnotes":""},"class_list":["post-277","page","type-page","status-publish","hentry","entry"],"_links":{"self":[{"href":"https:\/\/sarahschueler-psychologie.de\/index.php?rest_route=\/wp\/v2\/pages\/277","targetHints":{"allow":["GET"]}}],"collection":[{"href":"https:\/\/sarahschueler-psychologie.de\/index.php?rest_route=\/wp\/v2\/pages"}],"about":[{"href":"https:\/\/sarahschueler-psychologie.de\/index.php?rest_route=\/wp\/v2\/types\/page"}],"author":[{"embeddable":true,"href":"https:\/\/sarahschueler-psychologie.de\/index.php?rest_route=\/wp\/v2\/users\/1"}],"replies":[{"embeddable":true,"href":"https:\/\/sarahschueler-psychologie.de\/index.php?rest_route=%2Fwp%2Fv2%2Fcomments&post=277"}],"version-history":[{"count":25,"href":"https:\/\/sarahschueler-psychologie.de\/index.php?rest_route=\/wp\/v2\/pages\/277\/revisions"}],"predecessor-version":[{"id":702,"href":"https:\/\/sarahschueler-psychologie.de\/index.php?rest_route=\/wp\/v2\/pages\/277\/revisions\/702"}],"wp:attachment":[{"href":"https:\/\/sarahschueler-psychologie.de\/index.php?rest_route=%2Fwp%2Fv2%2Fmedia&parent=277"}],"curies":[{"name":"wp","href":"https:\/\/api.w.org\/{rel}","templated":true}]}}